{"id":7,"date":"2022-07-25T07:24:51","date_gmt":"2022-07-25T07:24:51","guid":{"rendered":"https:\/\/afullbeachclub.com\/?page_id=7"},"modified":"2022-08-06T16:56:46","modified_gmt":"2022-08-06T16:56:46","slug":"beautiful-portfolios-for-exceptional-creatives","status":"publish","type":"page","link":"https:\/\/afullbeachclub.com\/","title":{"rendered":"Afull Beach Club &#8211; Sishas &#8211; DJS &#8211; M\u00fasica en directo"},"content":{"rendered":"\n<p class=\"has-text-align-center\"><meta charset=\"utf-8\"><\/p>\n\n\n\n<p>Buscamos satisfacer a nuestros clientes con un excelente servicio y unas inmejorables vistas al mar. Ac\u00e9rcate y disfruta de nuestros exquisitos arroces y nuestros producto local. Os esperamos en Afull Beach Club para que disfrut\u00e9is del mejor ambiente de Cambrils, Salou y la Costa Daurada. <\/p>\n\n\n\n<p>Mucho m\u00e1s que un chiringuito. Te esperamos!<\/p>\n\n\n\n<div style=\"height:55px\" aria-hidden=\"true\" class=\"wp-block-spacer\"><\/div>\n\n\n\n<div class=\"wp-block-group alignfull has-background\" style=\"background-color:#e5e9ec\"><div class=\"wp-block-group__inner-container is-layout-flow wp-block-group-is-layout-flow\">\n<div class=\"wp-block-columns is-layout-flex wp-container-core-columns-is-layout-9d6595d7 wp-block-columns-is-layout-flex\">\n<div class=\"wp-block-column is-vertically-aligned-center is-layout-flow wp-block-column-is-layout-flow\">\n<h2 class=\"wp-block-heading\">Restaurant en Cambrils &#8211; Salou<\/h2>\n\n\n\n<p>Ven y disfruta de nuestros exquisitos arroces y fideuas, adem\u00e1s de nuestros productos locales y tapas. <\/p>\n\n\n\n<p>No dejes de probar nuestras aut\u00e9nticas pizzas italianas. Las mejores de la zona!<\/p>\n\n\n\n<div class=\"wp-block-buttons is-horizontal is-content-justification-left is-layout-flex wp-container-core-buttons-is-layout-7e5fce0a wp-block-buttons-is-layout-flex\"><\/div>\n\n\n\n<p><\/p>\n<\/div>\n\n\n\n<div class=\"wp-block-column is-layout-flow wp-block-column-is-layout-flow\">\n<div style=\"height:48px\" aria-hidden=\"true\" class=\"wp-block-spacer\"><\/div>\n\n\n\n<figure class=\"wp-block-image size-large\"><img loading=\"lazy\" decoding=\"async\" width=\"1024\" height=\"683\" src=\"https:\/\/afullbeachclub.com\/wp-content\/uploads\/2022\/07\/AN4A3042-1024x683.jpg\" alt=\"\" class=\"wp-image-29\" srcset=\"https:\/\/afullbeachclub.com\/wp-content\/uploads\/2022\/07\/AN4A3042-1024x683.jpg 1024w, https:\/\/afullbeachclub.com\/wp-content\/uploads\/2022\/07\/AN4A3042-300x200.jpg 300w, https:\/\/afullbeachclub.com\/wp-content\/uploads\/2022\/07\/AN4A3042-768x512.jpg 768w, https:\/\/afullbeachclub.com\/wp-content\/uploads\/2022\/07\/AN4A3042-1536x1024.jpg 1536w, https:\/\/afullbeachclub.com\/wp-content\/uploads\/2022\/07\/AN4A3042-2048x1365.jpg 2048w, https:\/\/afullbeachclub.com\/wp-content\/uploads\/2022\/07\/AN4A3042-2000x1333.jpg 2000w, https:\/\/afullbeachclub.com\/wp-content\/uploads\/2022\/07\/AN4A3042-600x400.jpg 600w\" sizes=\"auto, (max-width: 1024px) 100vw, 1024px\" \/><\/figure>\n<\/div>\n<\/div>\n<\/div><\/div>\n\n\n\n<div class=\"wp-block-group alignfull\"><div class=\"wp-block-group__inner-container is-layout-flow wp-block-group-is-layout-flow\">\n<div class=\"wp-block-columns are-vertically-aligned-center is-layout-flex wp-container-core-columns-is-layout-9d6595d7 wp-block-columns-is-layout-flex\">\n<div class=\"wp-block-column is-vertically-aligned-center is-layout-flow wp-block-column-is-layout-flow\">\n<div style=\"height:48px\" aria-hidden=\"true\" class=\"wp-block-spacer\"><\/div>\n\n\n\n<figure class=\"wp-block-image size-large\"><img loading=\"lazy\" decoding=\"async\" width=\"1024\" height=\"683\" src=\"https:\/\/afullbeachclub.com\/wp-content\/uploads\/2022\/07\/AN4A3293-1024x683.jpg\" alt=\"\" class=\"wp-image-30\" srcset=\"https:\/\/afullbeachclub.com\/wp-content\/uploads\/2022\/07\/AN4A3293-1024x683.jpg 1024w, https:\/\/afullbeachclub.com\/wp-content\/uploads\/2022\/07\/AN4A3293-300x200.jpg 300w, https:\/\/afullbeachclub.com\/wp-content\/uploads\/2022\/07\/AN4A3293-768x512.jpg 768w, https:\/\/afullbeachclub.com\/wp-content\/uploads\/2022\/07\/AN4A3293-1536x1024.jpg 1536w, https:\/\/afullbeachclub.com\/wp-content\/uploads\/2022\/07\/AN4A3293-2048x1365.jpg 2048w, https:\/\/afullbeachclub.com\/wp-content\/uploads\/2022\/07\/AN4A3293-2000x1333.jpg 2000w, https:\/\/afullbeachclub.com\/wp-content\/uploads\/2022\/07\/AN4A3293-600x400.jpg 600w\" sizes=\"auto, (max-width: 1024px) 100vw, 1024px\" \/><\/figure>\n<\/div>\n\n\n\n<div class=\"wp-block-column is-vertically-aligned-center is-layout-flow wp-block-column-is-layout-flow\">\n<h2 class=\"wp-block-heading\">Cocktails y copas <\/h2>\n\n\n\n<p>Rel\u00e1jate en nuestra terraza acompa\u00f1ado por un cocktail de ensue\u00f1o. Nuestros cockteleros sabr\u00e1n sorprenderte!<\/p>\n<\/div>\n<\/div>\n<\/div><\/div>\n\n\n\n<div class=\"wp-block-group alignfull has-black-background-color has-background\"><div class=\"wp-block-group__inner-container is-layout-flow wp-block-group-is-layout-flow\">\n<h2 class=\"has-text-align-center has-white-color has-text-color wp-block-heading\">Afull <strong>Beach Club<\/strong> en Instagram<\/h2>\n\n\n<style type=\"text\/css\">.zoom-instagram.feed-210{font-size:14px!important;padding:1px!important;}.zoom-instagram.feed-210 .zoom-instagram-widget__items{display:grid!important;grid-template-columns:repeat(3,1fr);}.zoom-instagram.feed-210 .zoom-instagram-widget__items{gap:10px!important;}.zoom-instagram.feed-210 .wpz-insta-view-on-insta-button{background-color:#0bb4aa!important;}<\/style>\n&#8230;<\/div><\/div>\n\n\n\n<div class=\"wp-block-cover alignfull is-light has-parallax is-position-center-center\" style=\"background-image:url(https:\/\/afullbeachclub.com\/wp-content\/uploads\/2022\/07\/AN4A3149-scaled.jpg);min-height:375px;aspect-ratio:unset;\"><span aria-hidden=\"true\" class=\"wp-block-cover__background has-black-background-color has-background-dim-40 has-background-dim\"><\/span><div class=\"wp-block-cover__inner-container is-layout-flow wp-block-cover-is-layout-flow\">\n<p class=\"has-text-align-center has-text-color has-huge-font-size\" style=\"color:#fffffa;line-height:1.1\"><strong>Reservas<\/strong><\/p>\n\n\n\n<p class=\"has-text-align-center\"><strong><mark style=\"background-color:rgba(0, 0, 0, 0)\" class=\"has-inline-color has-white-color\">Direcci\u00f3n<br>Platja del Cap de Sant Pere,<br>43850 Vilafortuny, Tarragona<\/mark><\/strong><\/p>\n\n\n\n<p class=\"has-text-align-center\"><strong><mark style=\"background-color:rgba(0, 0, 0, 0)\" class=\"has-inline-color has-white-color\">Horario<br>Lunes\u2013Domingo: 09:00\u201302:00<\/mark><\/strong><\/p>\n\n\n\n<div class=\"wp-block-buttons is-horizontal is-content-justification-center is-layout-flex wp-container-core-buttons-is-layout-499968f5 wp-block-buttons-is-layout-flex\">\n<div class=\"wp-block-button is-style-outline is-style-outline--1\"><a class=\"wp-block-button__link has-white-color has-text-color\" href=\"#\">ll\u00e1manos 634 97 84 76<\/a><\/div>\n<\/div>\n<\/div><\/div>\n","protected":false},"excerpt":{"rendered":"<p>Buscamos satisfacer a nuestros clientes con un excelente servicio y unas inmejorables vistas al mar. Ac\u00e9rcate y disfruta de nuestros exquisitos arroces y nuestros producto local. Os esperamos en Afull Beach Club para que disfrut\u00e9is del mejor ambiente de Cambrils, Salou y la Costa Daurada. Mucho m\u00e1s que un chiringuito. Te esperamos! Restaurant en Cambrils &hellip; <\/p>\n<p class=\"link-more\"><a href=\"https:\/\/afullbeachclub.com\/\" class=\"more-link\">Leer m\u00e1s<span class=\"screen-reader-text\"> \u00abAfull Beach Club &#8211; Sishas &#8211; DJS &#8211; M\u00fasica en directo\u00bb<\/span><\/a><\/p>\n","protected":false},"author":1,"featured_media":48,"parent":0,"menu_order":0,"comment_status":"closed","ping_status":"closed","template":"","meta":{"footnotes":""},"class_list":["post-7","page","type-page","status-publish","has-post-thumbnail","hentry"],"yoast_head":"<!-- This site is optimized with the Yoast SEO plugin v19.6.1 - https:\/\/yoast.com\/wordpress\/plugins\/seo\/ -->\n<title>Afull Beach Club - Sishas - DJS - M\u00fasica en directo - Afull Beach Club<\/title>\n<meta name=\"description\" content=\"Food \u2022 Drink \u2022 Shishas \u2022 Music \u2022 Show\ud83d\udcde Reservas: 634978476 Playa Sant Pere (L\u00edmite Terme Salou)\" \/>\n<meta name=\"robots\" content=\"index, follow, max-snippet:-1, max-image-preview:large, max-video-preview:-1\" \/>\n<link rel=\"canonical\" href=\"https:\/\/afullbeachclub.com\/\" \/>\n<meta property=\"og:locale\" content=\"es_ES\" \/>\n<meta property=\"og:type\" content=\"article\" \/>\n<meta property=\"og:title\" content=\"Afull Beach CLub\" \/>\n<meta property=\"og:description\" content=\"Food \u2022 Drink \u2022 Shishas \u2022 Music \u2022 Show\" \/>\n<meta property=\"og:url\" content=\"https:\/\/afullbeachclub.com\/\" \/>\n<meta property=\"og:site_name\" content=\"Afull Beach Club\" \/>\n<meta property=\"article:publisher\" content=\"https:\/\/www.facebook.com\/afullbeachclub\" \/>\n<meta property=\"article:modified_time\" content=\"2022-08-06T16:56:46+00:00\" \/>\n<meta property=\"og:image\" content=\"https:\/\/afullbeachclub.com\/wp-content\/uploads\/2022\/07\/cropped-2022-03-25.jpg\" \/>\n\t<meta property=\"og:image:width\" content=\"2000\" \/>\n\t<meta property=\"og:image:height\" content=\"1199\" \/>\n\t<meta property=\"og:image:type\" content=\"image\/jpeg\" \/>\n<meta name=\"twitter:card\" content=\"summary_large_image\" \/>\n<meta name=\"twitter:title\" content=\"Afull Beach CLub\" \/>\n<meta name=\"twitter:description\" content=\"Food \u2022 Drink \u2022 Shishas \u2022 Music \u2022 Show\" \/>\n<meta name=\"twitter:image\" content=\"https:\/\/afullbeachclub.com\/wp-content\/uploads\/2022\/07\/logo.jpg\" \/>\n<meta name=\"twitter:label1\" content=\"Tiempo de lectura\" \/>\n\t<meta name=\"twitter:data1\" content=\"1 minuto\" \/>\n<script type=\"application\/ld+json\" class=\"yoast-schema-graph\">{\"@context\":\"https:\/\/schema.org\",\"@graph\":[{\"@type\":\"WebPage\",\"@id\":\"https:\/\/afullbeachclub.com\/\",\"url\":\"https:\/\/afullbeachclub.com\/\",\"name\":\"Afull Beach Club - Sishas - DJS - M\u00fasica en directo - Afull Beach Club\",\"isPartOf\":{\"@id\":\"https:\/\/afullbeachclub.com\/#website\"},\"datePublished\":\"2022-07-25T07:24:51+00:00\",\"dateModified\":\"2022-08-06T16:56:46+00:00\",\"description\":\"Food \u2022 Drink \u2022 Shishas \u2022 Music \u2022 Show\ud83d\udcde Reservas: 634978476 Playa Sant Pere (L\u00edmite Terme Salou)\",\"breadcrumb\":{\"@id\":\"https:\/\/afullbeachclub.com\/#breadcrumb\"},\"inLanguage\":\"es\",\"potentialAction\":[{\"@type\":\"ReadAction\",\"target\":[\"https:\/\/afullbeachclub.com\/\"]}]},{\"@type\":\"BreadcrumbList\",\"@id\":\"https:\/\/afullbeachclub.com\/#breadcrumb\",\"itemListElement\":[{\"@type\":\"ListItem\",\"position\":1,\"name\":\"Home\",\"item\":\"https:\/\/afullbeachclub.com\/\"},{\"@type\":\"ListItem\",\"position\":2,\"name\":\"Afull Beach Club &#8211; Sishas &#8211; DJS &#8211; M\u00fasica en directo\"}]},{\"@type\":\"WebSite\",\"@id\":\"https:\/\/afullbeachclub.com\/#website\",\"url\":\"https:\/\/afullbeachclub.com\/\",\"name\":\"Afull Beach Club\",\"description\":\"Beach Club\",\"publisher\":{\"@id\":\"https:\/\/afullbeachclub.com\/#organization\"},\"potentialAction\":[{\"@type\":\"SearchAction\",\"target\":{\"@type\":\"EntryPoint\",\"urlTemplate\":\"https:\/\/afullbeachclub.com\/?s={search_term_string}\"},\"query-input\":\"required name=search_term_string\"}],\"inLanguage\":\"es\"},{\"@type\":\"Organization\",\"@id\":\"https:\/\/afullbeachclub.com\/#organization\",\"name\":\"AFULL BEACH CLUB & RESTAURANT\",\"url\":\"https:\/\/afullbeachclub.com\/\",\"sameAs\":[\"https:\/\/www.instagram.com\/afullbeachclub\/\",\"https:\/\/www.facebook.com\/afullbeachclub\"],\"logo\":{\"@type\":\"ImageObject\",\"inLanguage\":\"es\",\"@id\":\"https:\/\/afullbeachclub.com\/#\/schema\/logo\/image\/\",\"url\":\"https:\/\/afullbeachclub.com\/wp-content\/uploads\/2022\/07\/header.jpg\",\"contentUrl\":\"https:\/\/afullbeachclub.com\/wp-content\/uploads\/2022\/07\/header.jpg\",\"width\":2000,\"height\":1200,\"caption\":\"AFULL BEACH CLUB & RESTAURANT\"},\"image\":{\"@id\":\"https:\/\/afullbeachclub.com\/#\/schema\/logo\/image\/\"}}]}<\/script>\n<!-- \/ Yoast SEO plugin. -->","yoast_head_json":{"title":"Afull Beach Club - Sishas - DJS - M\u00fasica en directo - Afull Beach Club","description":"Food \u2022 Drink \u2022 Shishas \u2022 Music \u2022 Show\ud83d\udcde Reservas: 634978476 Playa Sant Pere (L\u00edmite Terme Salou)","robots":{"index":"index","follow":"follow","max-snippet":"max-snippet:-1","max-image-preview":"max-image-preview:large","max-video-preview":"max-video-preview:-1"},"canonical":"https:\/\/afullbeachclub.com\/","og_locale":"es_ES","og_type":"article","og_title":"Afull Beach CLub","og_description":"Food \u2022 Drink \u2022 Shishas \u2022 Music \u2022 Show","og_url":"https:\/\/afullbeachclub.com\/","og_site_name":"Afull Beach Club","article_publisher":"https:\/\/www.facebook.com\/afullbeachclub","article_modified_time":"2022-08-06T16:56:46+00:00","og_image":[{"width":2000,"height":1199,"url":"https:\/\/afullbeachclub.com\/wp-content\/uploads\/2022\/07\/cropped-2022-03-25.jpg","type":"image\/jpeg"}],"twitter_card":"summary_large_image","twitter_title":"Afull Beach CLub","twitter_description":"Food \u2022 Drink \u2022 Shishas \u2022 Music \u2022 Show","twitter_image":"https:\/\/afullbeachclub.com\/wp-content\/uploads\/2022\/07\/logo.jpg","twitter_misc":{"Tiempo de lectura":"1 minuto"},"schema":{"@context":"https:\/\/schema.org","@graph":[{"@type":"WebPage","@id":"https:\/\/afullbeachclub.com\/","url":"https:\/\/afullbeachclub.com\/","name":"Afull Beach Club - Sishas - DJS - M\u00fasica en directo - Afull Beach Club","isPartOf":{"@id":"https:\/\/afullbeachclub.com\/#website"},"datePublished":"2022-07-25T07:24:51+00:00","dateModified":"2022-08-06T16:56:46+00:00","description":"Food \u2022 Drink \u2022 Shishas \u2022 Music \u2022 Show\ud83d\udcde Reservas: 634978476 Playa Sant Pere (L\u00edmite Terme Salou)","breadcrumb":{"@id":"https:\/\/afullbeachclub.com\/#breadcrumb"},"inLanguage":"es","potentialAction":[{"@type":"ReadAction","target":["https:\/\/afullbeachclub.com\/"]}]},{"@type":"BreadcrumbList","@id":"https:\/\/afullbeachclub.com\/#breadcrumb","itemListElement":[{"@type":"ListItem","position":1,"name":"Home","item":"https:\/\/afullbeachclub.com\/"},{"@type":"ListItem","position":2,"name":"Afull Beach Club &#8211; Sishas &#8211; DJS &#8211; M\u00fasica en directo"}]},{"@type":"WebSite","@id":"https:\/\/afullbeachclub.com\/#website","url":"https:\/\/afullbeachclub.com\/","name":"Afull Beach Club","description":"Beach Club","publisher":{"@id":"https:\/\/afullbeachclub.com\/#organization"},"potentialAction":[{"@type":"SearchAction","target":{"@type":"EntryPoint","urlTemplate":"https:\/\/afullbeachclub.com\/?s={search_term_string}"},"query-input":"required name=search_term_string"}],"inLanguage":"es"},{"@type":"Organization","@id":"https:\/\/afullbeachclub.com\/#organization","name":"AFULL BEACH CLUB & RESTAURANT","url":"https:\/\/afullbeachclub.com\/","sameAs":["https:\/\/www.instagram.com\/afullbeachclub\/","https:\/\/www.facebook.com\/afullbeachclub"],"logo":{"@type":"ImageObject","inLanguage":"es","@id":"https:\/\/afullbeachclub.com\/#\/schema\/logo\/image\/","url":"https:\/\/afullbeachclub.com\/wp-content\/uploads\/2022\/07\/header.jpg","contentUrl":"https:\/\/afullbeachclub.com\/wp-content\/uploads\/2022\/07\/header.jpg","width":2000,"height":1200,"caption":"AFULL BEACH CLUB & RESTAURANT"},"image":{"@id":"https:\/\/afullbeachclub.com\/#\/schema\/logo\/image\/"}}]}},"featured_media_urls":{"thumbnail":["https:\/\/afullbeachclub.com\/wp-content\/uploads\/2022\/07\/logo-150x150.jpg",150,150,true],"medium":["https:\/\/afullbeachclub.com\/wp-content\/uploads\/2022\/07\/logo-300x300.jpg",300,300,true],"medium_large":["https:\/\/afullbeachclub.com\/wp-content\/uploads\/2022\/07\/logo.jpg",320,320,false],"large":["https:\/\/afullbeachclub.com\/wp-content\/uploads\/2022\/07\/logo.jpg",320,320,false],"1536x1536":["https:\/\/afullbeachclub.com\/wp-content\/uploads\/2022\/07\/logo.jpg",320,320,false],"2048x2048":["https:\/\/afullbeachclub.com\/wp-content\/uploads\/2022\/07\/logo.jpg",320,320,false],"inspiro-featured-image":["https:\/\/afullbeachclub.com\/wp-content\/uploads\/2022\/07\/logo.jpg",320,320,false],"inspiro-loop":["https:\/\/afullbeachclub.com\/wp-content\/uploads\/2022\/07\/logo.jpg",320,320,false],"inspiro-loop@2x":["https:\/\/afullbeachclub.com\/wp-content\/uploads\/2022\/07\/logo.jpg",320,320,false],"portfolio_item-thumbnail":["https:\/\/afullbeachclub.com\/wp-content\/uploads\/2022\/07\/logo.jpg",320,320,false],"portfolio_item-masonry":["https:\/\/afullbeachclub.com\/wp-content\/uploads\/2022\/07\/logo.jpg",320,320,false],"portfolio_item-thumbnail_cinema":["https:\/\/afullbeachclub.com\/wp-content\/uploads\/2022\/07\/logo.jpg",320,320,false],"portfolio_item-thumbnail_portrait":["https:\/\/afullbeachclub.com\/wp-content\/uploads\/2022\/07\/logo.jpg",320,320,false],"portfolio_item-thumbnail_square":["https:\/\/afullbeachclub.com\/wp-content\/uploads\/2022\/07\/logo.jpg",320,320,false]},"_links":{"self":[{"href":"https:\/\/afullbeachclub.com\/index.php?rest_route=\/wp\/v2\/pages\/7","targetHints":{"allow":["GET"]}}],"collection":[{"href":"https:\/\/afullbeachclub.com\/index.php?rest_route=\/wp\/v2\/pages"}],"about":[{"href":"https:\/\/afullbeachclub.com\/index.php?rest_route=\/wp\/v2\/types\/page"}],"author":[{"embeddable":true,"href":"https:\/\/afullbeachclub.com\/index.php?rest_route=\/wp\/v2\/users\/1"}],"replies":[{"embeddable":true,"href":"https:\/\/afullbeachclub.com\/index.php?rest_route=%2Fwp%2Fv2%2Fcomments&post=7"}],"version-history":[{"count":11,"href":"https:\/\/afullbeachclub.com\/index.php?rest_route=\/wp\/v2\/pages\/7\/revisions"}],"predecessor-version":[{"id":234,"href":"https:\/\/afullbeachclub.com\/index.php?rest_route=\/wp\/v2\/pages\/7\/revisions\/234"}],"wp:featuredmedia":[{"embeddable":true,"href":"https:\/\/afullbeachclub.com\/index.php?rest_route=\/wp\/v2\/media\/48"}],"wp:attachment":[{"href":"https:\/\/afullbeachclub.com\/index.php?rest_route=%2Fwp%2Fv2%2Fmedia&parent=7"}],"curies":[{"name":"wp","href":"https:\/\/api.w.org\/{rel}","templated":true}]}}